{"id":1180,"date":"2024-12-27T09:46:08","date_gmt":"2024-12-27T09:46:08","guid":{"rendered":"https:\/\/alquilerscooterbilbao.com\/?post_type=product&#038;p=1180"},"modified":"2024-12-27T09:46:08","modified_gmt":"2024-12-27T09:46:08","slug":"scooter-eclipse","status":"publish","type":"product","link":"https:\/\/alquilerscooterbilbao.com\/pt\/product\/scooter-eclipse\/","title":{"rendered":"SCOOTER ECLIPSE"},"content":{"rendered":"<p>Compacto y con grandes prestaciones El scooter ECLIPSE ofrece unas grandes prestaciones y autonom\u00eda, gracias a sus bater\u00edas de 21Ah de serie. Incorpora una bolsa extra\u00edble con asa en la cesta delantera. Es muy compacto y maniobrable por sus reducidas dimensiones, con tan solo 99 cm de longitud total. Ofrece unos niveles de estabilidad excelentes tanto en interiores como en el exterior.<\/p>\n<p>Se desmonta f\u00e1cilmente en pocos segundos en 4 partes para transportarlo en cualquier veh\u00edculo.<\/p>\n<p>Las bater\u00edas de 21Ah son extra\u00edbles, lo que permite cargarlas tanto en el scooter como fuera de \u00e9l y proporcionan una autonom\u00eda aproximada de 22 km.<\/p>","protected":false},"excerpt":{"rendered":"<p>Longitud 99cm<\/p>\n<p>Ancho total 56cm<\/p>\n<p>Ancho asiento 43cm<\/p>\n<p>Radio de giro 115cm<\/p>\n<p>Pendiente m\u00e1xima 12\u00ba<\/p>\n<p>Potencia motor 270W<\/p>\n<p>Baterias 12v 21ah<\/p>\n<p>&nbsp;<\/p>","protected":false},"featured_media":0,"comment_status":"open","ping_status":"closed","template":"","meta":[],"product_brand":[],"product_cat":[16],"product_tag":[],"class_list":{"0":"post-1180","1":"product","2":"type-product","3":"status-publish","5":"product_cat-uncategorized","7":"first","8":"instock","9":"shipping-taxable","10":"product-type-simple"},"yoast_head":"<!-- This site is optimized with the Yoast SEO plugin v27.5 - https:\/\/yoast.com\/product\/yoast-seo-wordpress\/ -->\n<title>SCOOTER ECLIPSE - Vifucalde<\/title>\n<meta name=\"robots\" content=\"index, follow, max-snippet:-1, max-image-preview:large, max-video-preview:-1\" \/>\n<link rel=\"canonical\" href=\"https:\/\/alquilerscooterbilbao.com\/pt\/product\/scooter-eclipse\/\" \/>\n<meta property=\"og:locale\" content=\"pt_PT\" \/>\n<meta property=\"og:type\" content=\"article\" \/>\n<meta property=\"og:title\" content=\"SCOOTER ECLIPSE - Vifucalde\" \/>\n<meta property=\"og:description\" content=\"Longitud 99cm  Ancho total 56cm  Ancho asiento 43cm  Radio de giro 115cm  Pendiente m\u00e1xima 12\u00ba  Potencia motor 270W  Baterias 12v 21ah  &nbsp;\" \/>\n<meta property=\"og:url\" content=\"https:\/\/alquilerscooterbilbao.com\/pt\/product\/scooter-eclipse\/\" \/>\n<meta property=\"og:site_name\" content=\"Vifucalde\" \/>\n<meta name=\"twitter:card\" content=\"summary_large_image\" \/>\n<meta name=\"twitter:label1\" content=\"Tempo estimado de leitura\" \/>\n\t<meta name=\"twitter:data1\" content=\"1 minuto\" \/>\n<script type=\"application\/ld+json\" class=\"yoast-schema-graph\">{\"@context\":\"https:\\\/\\\/schema.org\",\"@graph\":[{\"@type\":\"WebPage\",\"@id\":\"https:\\\/\\\/alquilerscooterbilbao.com\\\/product\\\/scooter-eclipse\\\/\",\"url\":\"https:\\\/\\\/alquilerscooterbilbao.com\\\/product\\\/scooter-eclipse\\\/\",\"name\":\"SCOOTER ECLIPSE - Vifucalde\",\"isPartOf\":{\"@id\":\"https:\\\/\\\/alquilerscooterbilbao.com\\\/#website\"},\"datePublished\":\"2024-12-27T09:46:08+00:00\",\"breadcrumb\":{\"@id\":\"https:\\\/\\\/alquilerscooterbilbao.com\\\/product\\\/scooter-eclipse\\\/#breadcrumb\"},\"inLanguage\":\"pt-PT\",\"potentialAction\":[{\"@type\":\"ReadAction\",\"target\":[\"https:\\\/\\\/alquilerscooterbilbao.com\\\/product\\\/scooter-eclipse\\\/\"]}]},{\"@type\":\"BreadcrumbList\",\"@id\":\"https:\\\/\\\/alquilerscooterbilbao.com\\\/product\\\/scooter-eclipse\\\/#breadcrumb\",\"itemListElement\":[{\"@type\":\"ListItem\",\"position\":1,\"name\":\"Portada\",\"item\":\"https:\\\/\\\/alquilerscooterbilbao.com\\\/\"},{\"@type\":\"ListItem\",\"position\":2,\"name\":\"Shop\",\"item\":\"https:\\\/\\\/alquilerscooterbilbao.com\\\/shop\\\/\"},{\"@type\":\"ListItem\",\"position\":3,\"name\":\"SCOOTER ECLIPSE\"}]},{\"@type\":\"WebSite\",\"@id\":\"https:\\\/\\\/alquilerscooterbilbao.com\\\/#website\",\"url\":\"https:\\\/\\\/alquilerscooterbilbao.com\\\/\",\"name\":\"Vifucalde\",\"description\":\"Servicio t\u00e9cnico propio con taller de reparaci\u00f3n en la misma ortopedia\",\"publisher\":{\"@id\":\"https:\\\/\\\/alquilerscooterbilbao.com\\\/#organization\"},\"potentialAction\":[{\"@type\":\"SearchAction\",\"target\":{\"@type\":\"EntryPoint\",\"urlTemplate\":\"https:\\\/\\\/alquilerscooterbilbao.com\\\/?s={search_term_string}\"},\"query-input\":{\"@type\":\"PropertyValueSpecification\",\"valueRequired\":true,\"valueName\":\"search_term_string\"}}],\"inLanguage\":\"pt-PT\"},{\"@type\":\"Organization\",\"@id\":\"https:\\\/\\\/alquilerscooterbilbao.com\\\/#organization\",\"name\":\"Vifucalde\",\"url\":\"https:\\\/\\\/alquilerscooterbilbao.com\\\/\",\"logo\":{\"@type\":\"ImageObject\",\"inLanguage\":\"pt-PT\",\"@id\":\"https:\\\/\\\/alquilerscooterbilbao.com\\\/#\\\/schema\\\/logo\\\/image\\\/\",\"url\":\"https:\\\/\\\/alquilerscooterbilbao.com\\\/wp-content\\\/uploads\\\/2023\\\/06\\\/cropped-Logo-transparente-04.png\",\"contentUrl\":\"https:\\\/\\\/alquilerscooterbilbao.com\\\/wp-content\\\/uploads\\\/2023\\\/06\\\/cropped-Logo-transparente-04.png\",\"width\":3268,\"height\":933,\"caption\":\"Vifucalde\"},\"image\":{\"@id\":\"https:\\\/\\\/alquilerscooterbilbao.com\\\/#\\\/schema\\\/logo\\\/image\\\/\"}}]}<\/script>\n<!-- \/ Yoast SEO plugin. -->","yoast_head_json":{"title":"SCOOTER ECLIPSE - Vifucalde","robots":{"index":"index","follow":"follow","max-snippet":"max-snippet:-1","max-image-preview":"max-image-preview:large","max-video-preview":"max-video-preview:-1"},"canonical":"https:\/\/alquilerscooterbilbao.com\/pt\/product\/scooter-eclipse\/","og_locale":"pt_PT","og_type":"article","og_title":"SCOOTER ECLIPSE - Vifucalde","og_description":"Longitud 99cm  Ancho total 56cm  Ancho asiento 43cm  Radio de giro 115cm  Pendiente m\u00e1xima 12\u00ba  Potencia motor 270W  Baterias 12v 21ah  &nbsp;","og_url":"https:\/\/alquilerscooterbilbao.com\/pt\/product\/scooter-eclipse\/","og_site_name":"Vifucalde","twitter_card":"summary_large_image","twitter_misc":{"Tempo estimado de leitura":"1 minuto"},"schema":{"@context":"https:\/\/schema.org","@graph":[{"@type":"WebPage","@id":"https:\/\/alquilerscooterbilbao.com\/product\/scooter-eclipse\/","url":"https:\/\/alquilerscooterbilbao.com\/product\/scooter-eclipse\/","name":"SCOOTER ECLIPSE - Vifucalde","isPartOf":{"@id":"https:\/\/alquilerscooterbilbao.com\/#website"},"datePublished":"2024-12-27T09:46:08+00:00","breadcrumb":{"@id":"https:\/\/alquilerscooterbilbao.com\/product\/scooter-eclipse\/#breadcrumb"},"inLanguage":"pt-PT","potentialAction":[{"@type":"ReadAction","target":["https:\/\/alquilerscooterbilbao.com\/product\/scooter-eclipse\/"]}]},{"@type":"BreadcrumbList","@id":"https:\/\/alquilerscooterbilbao.com\/product\/scooter-eclipse\/#breadcrumb","itemListElement":[{"@type":"ListItem","position":1,"name":"Portada","item":"https:\/\/alquilerscooterbilbao.com\/"},{"@type":"ListItem","position":2,"name":"Shop","item":"https:\/\/alquilerscooterbilbao.com\/shop\/"},{"@type":"ListItem","position":3,"name":"SCOOTER ECLIPSE"}]},{"@type":"WebSite","@id":"https:\/\/alquilerscooterbilbao.com\/#website","url":"https:\/\/alquilerscooterbilbao.com\/","name":"Vifucalde","description":"Servicio t\u00e9cnico propio con taller de reparaci\u00f3n en la misma ortopedia","publisher":{"@id":"https:\/\/alquilerscooterbilbao.com\/#organization"},"potentialAction":[{"@type":"SearchAction","target":{"@type":"EntryPoint","urlTemplate":"https:\/\/alquilerscooterbilbao.com\/?s={search_term_string}"},"query-input":{"@type":"PropertyValueSpecification","valueRequired":true,"valueName":"search_term_string"}}],"inLanguage":"pt-PT"},{"@type":"Organization","@id":"https:\/\/alquilerscooterbilbao.com\/#organization","name":"Vifucalde","url":"https:\/\/alquilerscooterbilbao.com\/","logo":{"@type":"ImageObject","inLanguage":"pt-PT","@id":"https:\/\/alquilerscooterbilbao.com\/#\/schema\/logo\/image\/","url":"https:\/\/alquilerscooterbilbao.com\/wp-content\/uploads\/2023\/06\/cropped-Logo-transparente-04.png","contentUrl":"https:\/\/alquilerscooterbilbao.com\/wp-content\/uploads\/2023\/06\/cropped-Logo-transparente-04.png","width":3268,"height":933,"caption":"Vifucalde"},"image":{"@id":"https:\/\/alquilerscooterbilbao.com\/#\/schema\/logo\/image\/"}}]}},"_links":{"self":[{"href":"https:\/\/alquilerscooterbilbao.com\/pt\/wp-json\/wp\/v2\/product\/1180","targetHints":{"allow":["GET"]}}],"collection":[{"href":"https:\/\/alquilerscooterbilbao.com\/pt\/wp-json\/wp\/v2\/product"}],"about":[{"href":"https:\/\/alquilerscooterbilbao.com\/pt\/wp-json\/wp\/v2\/types\/product"}],"replies":[{"embeddable":true,"href":"https:\/\/alquilerscooterbilbao.com\/pt\/wp-json\/wp\/v2\/comments?post=1180"}],"wp:attachment":[{"href":"https:\/\/alquilerscooterbilbao.com\/pt\/wp-json\/wp\/v2\/media?parent=1180"}],"wp:term":[{"taxonomy":"product_brand","embeddable":true,"href":"https:\/\/alquilerscooterbilbao.com\/pt\/wp-json\/wp\/v2\/product_brand?post=1180"},{"taxonomy":"product_cat","embeddable":true,"href":"https:\/\/alquilerscooterbilbao.com\/pt\/wp-json\/wp\/v2\/product_cat?post=1180"},{"taxonomy":"product_tag","embeddable":true,"href":"https:\/\/alquilerscooterbilbao.com\/pt\/wp-json\/wp\/v2\/product_tag?post=1180"}],"curies":[{"name":"wp","href":"https:\/\/api.w.org\/{rel}","templated":true}]}}